{"id":706,"date":"2024-02-29T11:58:17","date_gmt":"2024-02-29T10:58:17","guid":{"rendered":"https:\/\/raco19.com\/politica-de-privacidad\/"},"modified":"2024-03-17T18:12:31","modified_gmt":"2024-03-17T17:12:31","slug":"politica-de-privacidad","status":"publish","type":"page","link":"https:\/\/raco19.com\/es\/politica-de-privacidad\/","title":{"rendered":"Pol\u00edtica de Privacidad"},"content":{"rendered":"\t\t<div data-elementor-type=\"wp-page\" data-elementor-id=\"706\" class=\"elementor elementor-706 elementor-683\" data-elementor-post-type=\"page\">\n\t\t\t\t<div class=\"elementor-element elementor-element-75ff5ca e-flex e-con-boxed e-con e-parent\" data-id=\"75ff5ca\" data-element_type=\"container\" data-settings=\"{&quot;background_background&quot;:&quot;classic&quot;}\" data-core-v316-plus=\"true\">\n\t\t\t\t\t<div class=\"e-con-inner\">\n\t\t\t\t\t<\/div>\n\t\t\t\t<\/div>\n\t\t<div class=\"elementor-element elementor-element-51c1caa e-flex e-con-boxed e-con e-parent\" data-id=\"51c1caa\" data-element_type=\"container\" data-core-v316-plus=\"true\">\n\t\t\t\t\t<div class=\"e-con-inner\">\n\t\t\t\t<div class=\"elementor-element elementor-element-54724b6 elementor-widget elementor-widget-text-editor\" data-id=\"54724b6\" data-element_type=\"widget\" data-widget_type=\"text-editor.default\">\n\t\t\t\t<div class=\"elementor-widget-container\">\n\t\t\t<style>\/*! elementor - v3.20.0 - 26-03-2024 *\/\n.elementor-widget-text-editor.elementor-drop-cap-view-stacked .elementor-drop-cap{background-color:#69727d;color:#fff}.elementor-widget-text-editor.elementor-drop-cap-view-framed .elementor-drop-cap{color:#69727d;border:3px solid;background-color:transparent}.elementor-widget-text-editor:not(.elementor-drop-cap-view-default) .elementor-drop-cap{margin-top:8px}.elementor-widget-text-editor:not(.elementor-drop-cap-view-default) .elementor-drop-cap-letter{width:1em;height:1em}.elementor-widget-text-editor .elementor-drop-cap{float:left;text-align:center;line-height:1;font-size:50px}.elementor-widget-text-editor .elementor-drop-cap-letter{display:inline-block}<\/style>\t\t\t\t<h2 style=\"text-align: center;\">POL\u00cdTICA DE PRIVACIDAD<\/h2>\n<p>En NIGORE, S.L. nos preocupamos por la privacidad y la transparencia.<\/p>\n<h4><strong>\u00bfQui\u00e9n es el responsable del tratamiento de sus datos?<\/strong><\/h4>\n<p>NIGORE, S.L.<\/p>\n<p>B60607306<\/p>\n<p>PORT BAL\u00cdS LOCALS 24-25-26 &#8211; 08392 &#8211; SANT ANDREU DE LLAVANERES &#8211; BARCELONA<\/p>\n<p>937 92 86 13<\/p>\n<p><a href=\"mailto:info@elracodelnavegant.com\">info@elracodelnavegant.com<\/a><\/p>\n<p>A continuaci\u00f3n, le indicamos en detalle los tratamientos de datos personales que realizamos, as\u00ed como toda la informaci\u00f3n relativa a los mismos.<\/p>\n<h4><strong>\u00bfCon qu\u00e9 finalidad tratamos sus datos personales?<\/strong><\/h4>\n<ul>\n<li><strong>Tratamiento de datos de potenciales clientes y contactos:<\/strong> Realizar la gesti\u00f3n de potenciales clientes que se han interesado sobre nuestros servicios y atender la solicitud, as\u00ed como otros contactos comerciales. En caso de que d\u00e9 su consentimiento expreso, env\u00edo de comunicaciones comerciales. En el caso de que no facilite sus datos personales, no podremos cumplir con las finalidades descritas.<\/li>\n<li><strong>Tratamiento de datos de clientes:<\/strong> En su caso, reserva de la mesa\/s solicitada\/s y organizaci\u00f3n del evento. Si lo solicita, emitir gesti\u00f3n y emisi\u00f3n de la factura del servicio. Si escoge el m\u00e9todo de pago mediante tarjeta bancaria, realizar el cobro correctamente y emitir y enviar el justificante de pago (si as\u00ed lo solicita). Asimismo, env\u00edo de comunicaciones comerciales, inclusive por v\u00eda electr\u00f3nica. En el caso de que no facilite sus datos personales, no podremos cumplir con las finalidades descritas.<\/li>\n<li><strong>Tratamiento de datos de candidatos a un puesto de trabajo:<\/strong> Gestionar los Curriculum Vitae recibidos y realizar los procesos de selecci\u00f3n de personal, entrevistas y dem\u00e1s tr\u00e1mites necesarios para la b\u00fasqueda del mejor candidato posible a un puesto de trabajo determinado. En el caso de que no facilite sus datos personales, no podremos cumplir con las finalidades descritas.<\/li>\n<\/ul>\n<p>En ninguno de los tratamientos no se van a tomar decisiones automatizadas en base a los datos proporcionados.<\/p>\n<\/p>\n<h4><strong>\u00bfPor cu\u00e1nto tiempo conservaremos sus datos?<\/strong><\/h4>\n<ul>\n<li><strong>Tratamiento de datos de potenciales clientes y contactos: <\/strong>Los datos se conservar\u00e1n mientras el interesado no solicite su supresi\u00f3n, siempre y cuando sean necesarios para las finalidades descritas. Se suprimir\u00e1n una vez dejen de ser necesarios para la finalidad descrita.<\/li>\n<li><strong>Tratamiento de datos de clientes:<\/strong> Los datos se conservar\u00e1n mientras el interesado no solicite su supresi\u00f3n y, como plazo m\u00e1ximo, durante los a\u00f1os necesarios para cumplir con las obligaciones legales.<\/li>\n<li><strong>Tratamiento de datos de candidatos a un puesto de trabajo:<\/strong> Dos a\u00f1os desde la \u00faltima interacci\u00f3n.<\/li>\n<\/ul>\n<h4><strong>\u00bfCu\u00e1l es la legitimaci\u00f3n para el tratamiento de sus datos?<\/strong><\/h4>\n<p>Le indicamos la base legal para el tratamiento de sus datos:<\/p>\n<ul>\n<li><strong>Tratamiento de datos de potenciales clientes y contactos: <\/strong>\n<ul>\n<li>Ejecuci\u00f3n de un contrato: Gesti\u00f3n de potenciales clientes que se han interesado sobre nuestros productos y\/o servicios. (RGPD, art. 6.1.b).<\/li>\n<li>Inter\u00e9s leg\u00edtimo del Responsable: Gesti\u00f3n de los datos de contacto profesionales (LOPDGDD art.19, RGPD art. 6.1.f).<\/li>\n<li>Consentimiento del interesado: Enviar comunicaciones comerciales, inclusive por v\u00eda electr\u00f3nica. (RGPD, art. 6.1.a).<\/li>\n<\/ul>\n<\/li>\n<li><strong>Tratamiento de datos de clientes:<\/strong>\n<ul>\n<li>Ejecuci\u00f3n de un contrato: Reserva de la mesa, prestaci\u00f3n del servicio, cobro del mismo y env\u00edo de justificante de pago si se solicita. (RGPD art. 6.1.b).<\/li>\n<li>Inter\u00e9s leg\u00edtimo del Responsable: Env\u00edo de comunicaciones promocionales incluso por v\u00eda electr\u00f3nica. (RGPD Considerando 47, LSSICE art. 21.2).<\/li>\n<\/ul>\n<\/li>\n<li><strong>Tratamiento de datos de candidatos a un puesto de trabajo: <\/strong>\n<ul>\n<li>Ejecuci\u00f3n de un contrato: Gest\u00edon de los Curriculum Vitae entregados por el candidato para realizar los procesos de selecci\u00f3n de personal para la b\u00fasqueda del mejor candidato posible a un puesto de trabajo determinado. (RGPD art. 6.1.b).<\/li>\n<\/ul>\n<\/li>\n<\/ul>\n<h4><strong>\u00bfA qu\u00e9 destinatarios se comunicar\u00e1n sus datos?<\/strong><\/h4>\n<ul>\n<li><strong>Tratamiento de datos de potenciales clientes y contactos:<\/strong> No se ceder\u00e1n datos a terceros, salvo obligaci\u00f3n legal.<\/li>\n<li><strong>Tratamiento de datos de clientes: <\/strong>\n<ul>\n<li>Administraci\u00f3n Tributaria, con la finalidad de cumplir las obligaciones legales (requisito legal)<\/li>\n<li>Entidades financieras, con la finalidad de realizar los cobros con tarjeta bancaria (requisito contractual)<\/li>\n<\/ul>\n<\/li>\n<li><strong>Tratamiento de datos de candidatos a un puesto de trabajo:<\/strong> No se ceder\u00e1n datos a terceros, salvo obligaci\u00f3n legal.<\/li>\n<\/ul>\n<h4><strong>Transferencias de datos a terceros pa\u00edses<\/strong><\/h4>\n<p>No est\u00e1n previstas transferencias de datos a terceros pa\u00edses en ninguno de los tratamientos.<\/p>\n<h4><strong>\u00bfCu\u00e1les son sus derechos cuando nos facilita sus datos?<\/strong><\/h4>\n<p>Cualquier persona tiene derecho a obtener confirmaci\u00f3n sobre si en NIGORE, S.L. estamos tratando, o no, datos personales que les conciernan.<\/p>\n<p>Las personas interesadas tienen derecho a acceder a sus datos personales, as\u00ed como a solicitar la rectificaci\u00f3n de los datos inexactos o, en su caso, solicitar su supresi\u00f3n cuando, entre otros motivos, los datos ya no sean necesarios para los fines que fueron recogidos. Igualmente tiene derecho a la portabilidad de sus datos.<\/p>\n<p>En determinadas circunstancias, los interesados podr\u00e1n solicitar la limitaci\u00f3n del tratamiento de sus datos, en cuyo caso \u00fanicamente los conservaremos para el ejercicio o la defensa de reclamaciones.<\/p>\n<p>En determinadas circunstancias y por motivos relacionados con su situaci\u00f3n particular, los interesados podr\u00e1n oponerse al tratamiento de sus datos. En este caso, NIGORE, S.L.dejar\u00e1 de tratar los datos, salvo por motivos leg\u00edtimos imperiosos, o el ejercicio o la defensa de posibles reclamaciones.<\/p>\n<p>Podr\u00e1 ejercitar materialmente sus derechos dirigi\u00e9ndose a la direcci\u00f3n del responsable del tratamiento o a <a href=\"mailto:info@elracodelnavegant.com\">info@elracodelnavegant.com<\/a>.<\/p>\n<p>Cuando se realice el env\u00edo de comunicaciones comerciales utilizando como base jur\u00eddica el inter\u00e9s leg\u00edtimo del responsable, el interesado podr\u00e1 oponerse al tratamiento de sus datos con ese fin.<\/p>\n<p>Si ha otorgado su consentimiento para alguna finalidad concreta, tiene derecho a retirar el consentimiento otorgado en cualquier momento, sin que ello afecte a la licitud del tratamiento basado en el consentimiento previo a su retirada.<\/p>\n<p>En caso de que sienta vulnerados sus derechos en lo concerniente a la protecci\u00f3n de sus datos personales, especialmente cuando no haya obtenido satisfacci\u00f3n en el ejercicio de sus derechos, puede presentar una reclamaci\u00f3n ante la Autoridad de Control en materia de Protecci\u00f3n de Datos competente a trav\u00e9s de su sitio web: <a href=\"http:\/\/www.aepd.es\">www.aepd.es<\/a>.<\/p>\n<h4><strong>\u00bfC\u00f3mo hemos obtenido sus datos?<\/strong><\/h4>\n<p>Los datos personales que tratamos en NIGORE, S.L. proceden del propio interesado.<\/p>\n<p>Las categor\u00edas de datos que se tratan son:<\/p>\n<ul>\n<li><strong>Tratamiento de datos de potenciales clientes y contactos: <\/strong>\n<ul>\n<li>Datos identificativos.<\/li>\n<li>Direcciones postales y electr\u00f3nicas.<\/li>\n<\/ul>\n<\/li>\n<li><strong>Tratamiento de datos de clientes:<\/strong>\n<ul>\n<li>Datos identificativos.<\/li>\n<li>Datos econ\u00f3micos (en caso de pago mediante tarjeta bancaria)<\/li>\n<\/ul>\n<\/li>\n<li><strong>Tratamiento de datos de candidatos a un puesto de trabajo:<\/strong>\n<ul>\n<li>Datos identificativos.<\/li>\n<li>Direcciones postales y electr\u00f3nicas.<\/li>\n<li>Informaci\u00f3n comercial.<\/li>\n<\/ul>\n<\/li>\n<\/ul>\n\t\t\t\t\t\t<\/div>\n\t\t\t\t<\/div>\n\t\t\t\t\t<\/div>\n\t\t\t\t<\/div>\n\t\t\t\t<\/div>\n\t\t","protected":false},"excerpt":{"rendered":"<p>POL\u00cdTICA DE PRIVACIDAD En NIGORE, S.L. nos preocupamos por la privacidad y la transparencia. \u00bfQui\u00e9n es el responsable del tratamiento de sus datos? NIGORE, S.L. B60607306 PORT BAL\u00cdS LOCALS 24-25-26 &#8211; 08392 &#8211; SANT ANDREU DE LLAVANERES &#8211; BARCELONA 937 92 86 13 info@elracodelnavegant.com A continuaci\u00f3n, le indicamos en detalle los tratamientos de datos personales [&hellip;]<\/p>\n","protected":false},"author":1,"featured_media":0,"parent":0,"menu_order":0,"comment_status":"closed","ping_status":"closed","template":"","meta":{"footnotes":""},"yoast_head":"<!-- This site is optimized with the Yoast SEO plugin v22.3 - https:\/\/yoast.com\/wordpress\/plugins\/seo\/ -->\n<title>Pol\u00edtica de Privacidad - Rac\u00f3 19 - Restaurante Sant Vicen\u00e7 de Montalt<\/title>\n<meta name=\"description\" content=\"Carn a la brasa, peix, i verdures de temporada.\u2028Cuina de mercat tradicional i moderna davant d\u2019unes espectaculars vistes al mar.\" \/>\n<meta name=\"robots\" content=\"index, follow, max-snippet:-1, max-image-preview:large, max-video-preview:-1\" \/>\n<link rel=\"canonical\" href=\"https:\/\/raco19.com\/es\/politica-de-privacidad\/\" \/>\n<meta property=\"og:locale\" content=\"es_ES\" \/>\n<meta property=\"og:type\" content=\"article\" \/>\n<meta property=\"og:title\" content=\"Pol\u00edtica de Privacidad - Rac\u00f3 19 - Restaurante Sant Vicen\u00e7 de Montalt\" \/>\n<meta property=\"og:description\" content=\"Carn a la brasa, peix, i verdures de temporada.\u2028Cuina de mercat tradicional i moderna davant d\u2019unes espectaculars vistes al mar.\" \/>\n<meta property=\"og:url\" content=\"https:\/\/raco19.com\/es\/politica-de-privacidad\/\" \/>\n<meta property=\"og:site_name\" content=\"Rac\u00f3 19 - Restaurante Sant Vicen\u00e7 de Montalt\" \/>\n<meta property=\"article:publisher\" content=\"https:\/\/www.facebook.com\/grupraco19\/\" \/>\n<meta property=\"article:modified_time\" content=\"2024-03-17T17:12:31+00:00\" \/>\n<meta name=\"twitter:card\" content=\"summary_large_image\" \/>\n<meta name=\"twitter:label1\" content=\"Tiempo de lectura\" \/>\n\t<meta name=\"twitter:data1\" content=\"6 minutos\" \/>\n<script type=\"application\/ld+json\" class=\"yoast-schema-graph\">{\"@context\":\"https:\/\/schema.org\",\"@graph\":[{\"@type\":\"WebPage\",\"@id\":\"https:\/\/raco19.com\/es\/politica-de-privacidad\/\",\"url\":\"https:\/\/raco19.com\/es\/politica-de-privacidad\/\",\"name\":\"Pol\u00edtica de Privacidad - Rac\u00f3 19 - Restaurante Sant Vicen\u00e7 de Montalt\",\"isPartOf\":{\"@id\":\"https:\/\/raco19.com\/es\/#website\"},\"datePublished\":\"2024-02-29T10:58:17+00:00\",\"dateModified\":\"2024-03-17T17:12:31+00:00\",\"description\":\"Carn a la brasa, peix, i verdures de temporada.\\u2028Cuina de mercat tradicional i moderna davant d\u2019unes espectaculars vistes al mar.\",\"breadcrumb\":{\"@id\":\"https:\/\/raco19.com\/es\/politica-de-privacidad\/#breadcrumb\"},\"inLanguage\":\"es\",\"potentialAction\":[{\"@type\":\"ReadAction\",\"target\":[\"https:\/\/raco19.com\/es\/politica-de-privacidad\/\"]}]},{\"@type\":\"BreadcrumbList\",\"@id\":\"https:\/\/raco19.com\/es\/politica-de-privacidad\/#breadcrumb\",\"itemListElement\":[{\"@type\":\"ListItem\",\"position\":1,\"name\":\"Portada\",\"item\":\"https:\/\/raco19.com\/es\/inicio\/\"},{\"@type\":\"ListItem\",\"position\":2,\"name\":\"Pol\u00edtica de Privacidad\"}]},{\"@type\":\"WebSite\",\"@id\":\"https:\/\/raco19.com\/es\/#website\",\"url\":\"https:\/\/raco19.com\/es\/\",\"name\":\"Rac\u00f3 19 - Restaurant Sant Vicen\u00e7 de Montalt\",\"description\":\"\",\"publisher\":{\"@id\":\"https:\/\/raco19.com\/es\/#organization\"},\"alternateName\":\"Rac\u00f3 19 - Restaurant Sant Vicen\u00e7 de Montalt\",\"potentialAction\":[{\"@type\":\"SearchAction\",\"target\":{\"@type\":\"EntryPoint\",\"urlTemplate\":\"https:\/\/raco19.com\/es\/?s={search_term_string}\"},\"query-input\":\"required name=search_term_string\"}],\"inLanguage\":\"es\"},{\"@type\":\"Organization\",\"@id\":\"https:\/\/raco19.com\/es\/#organization\",\"name\":\"Rac\u00f3 19 - Restaurante Sant Vicen\u00e7 de Montalt\",\"alternateName\":\"Rac\u00f3 19 - Restaurant Sant Vicen\u00e7 de Montalt\",\"url\":\"https:\/\/raco19.com\/es\/\",\"logo\":{\"@type\":\"ImageObject\",\"inLanguage\":\"es\",\"@id\":\"https:\/\/raco19.com\/es\/#\/schema\/logo\/image\/\",\"url\":\"https:\/\/raco19.com\/wp-content\/uploads\/2024\/02\/logo-real-1.png\",\"contentUrl\":\"https:\/\/raco19.com\/wp-content\/uploads\/2024\/02\/logo-real-1.png\",\"width\":486,\"height\":153,\"caption\":\"Rac\u00f3 19 - Restaurante Sant Vicen\u00e7 de Montalt\"},\"image\":{\"@id\":\"https:\/\/raco19.com\/es\/#\/schema\/logo\/image\/\"},\"sameAs\":[\"https:\/\/www.facebook.com\/grupraco19\/\",\"https:\/\/www.bodas.net\/masias\/raco-19--e111552\",\"https:\/\/www.instagram.com\/raco.19\/\"]}]}<\/script>\n<!-- \/ Yoast SEO plugin. -->","yoast_head_json":{"title":"Pol\u00edtica de Privacidad - Rac\u00f3 19 - Restaurante Sant Vicen\u00e7 de Montalt","description":"Carn a la brasa, peix, i verdures de temporada.\u2028Cuina de mercat tradicional i moderna davant d\u2019unes espectaculars vistes al mar.","robots":{"index":"index","follow":"follow","max-snippet":"max-snippet:-1","max-image-preview":"max-image-preview:large","max-video-preview":"max-video-preview:-1"},"canonical":"https:\/\/raco19.com\/es\/politica-de-privacidad\/","og_locale":"es_ES","og_type":"article","og_title":"Pol\u00edtica de Privacidad - Rac\u00f3 19 - Restaurante Sant Vicen\u00e7 de Montalt","og_description":"Carn a la brasa, peix, i verdures de temporada.\u2028Cuina de mercat tradicional i moderna davant d\u2019unes espectaculars vistes al mar.","og_url":"https:\/\/raco19.com\/es\/politica-de-privacidad\/","og_site_name":"Rac\u00f3 19 - Restaurante Sant Vicen\u00e7 de Montalt","article_publisher":"https:\/\/www.facebook.com\/grupraco19\/","article_modified_time":"2024-03-17T17:12:31+00:00","twitter_card":"summary_large_image","twitter_misc":{"Tiempo de lectura":"6 minutos"},"schema":{"@context":"https:\/\/schema.org","@graph":[{"@type":"WebPage","@id":"https:\/\/raco19.com\/es\/politica-de-privacidad\/","url":"https:\/\/raco19.com\/es\/politica-de-privacidad\/","name":"Pol\u00edtica de Privacidad - Rac\u00f3 19 - Restaurante Sant Vicen\u00e7 de Montalt","isPartOf":{"@id":"https:\/\/raco19.com\/es\/#website"},"datePublished":"2024-02-29T10:58:17+00:00","dateModified":"2024-03-17T17:12:31+00:00","description":"Carn a la brasa, peix, i verdures de temporada.\u2028Cuina de mercat tradicional i moderna davant d\u2019unes espectaculars vistes al mar.","breadcrumb":{"@id":"https:\/\/raco19.com\/es\/politica-de-privacidad\/#breadcrumb"},"inLanguage":"es","potentialAction":[{"@type":"ReadAction","target":["https:\/\/raco19.com\/es\/politica-de-privacidad\/"]}]},{"@type":"BreadcrumbList","@id":"https:\/\/raco19.com\/es\/politica-de-privacidad\/#breadcrumb","itemListElement":[{"@type":"ListItem","position":1,"name":"Portada","item":"https:\/\/raco19.com\/es\/inicio\/"},{"@type":"ListItem","position":2,"name":"Pol\u00edtica de Privacidad"}]},{"@type":"WebSite","@id":"https:\/\/raco19.com\/es\/#website","url":"https:\/\/raco19.com\/es\/","name":"Rac\u00f3 19 - Restaurant Sant Vicen\u00e7 de Montalt","description":"","publisher":{"@id":"https:\/\/raco19.com\/es\/#organization"},"alternateName":"Rac\u00f3 19 - Restaurant Sant Vicen\u00e7 de Montalt","potentialAction":[{"@type":"SearchAction","target":{"@type":"EntryPoint","urlTemplate":"https:\/\/raco19.com\/es\/?s={search_term_string}"},"query-input":"required name=search_term_string"}],"inLanguage":"es"},{"@type":"Organization","@id":"https:\/\/raco19.com\/es\/#organization","name":"Rac\u00f3 19 - Restaurante Sant Vicen\u00e7 de Montalt","alternateName":"Rac\u00f3 19 - Restaurant Sant Vicen\u00e7 de Montalt","url":"https:\/\/raco19.com\/es\/","logo":{"@type":"ImageObject","inLanguage":"es","@id":"https:\/\/raco19.com\/es\/#\/schema\/logo\/image\/","url":"https:\/\/raco19.com\/wp-content\/uploads\/2024\/02\/logo-real-1.png","contentUrl":"https:\/\/raco19.com\/wp-content\/uploads\/2024\/02\/logo-real-1.png","width":486,"height":153,"caption":"Rac\u00f3 19 - Restaurante Sant Vicen\u00e7 de Montalt"},"image":{"@id":"https:\/\/raco19.com\/es\/#\/schema\/logo\/image\/"},"sameAs":["https:\/\/www.facebook.com\/grupraco19\/","https:\/\/www.bodas.net\/masias\/raco-19--e111552","https:\/\/www.instagram.com\/raco.19\/"]}]}},"_links":{"self":[{"href":"https:\/\/raco19.com\/es\/wp-json\/wp\/v2\/pages\/706"}],"collection":[{"href":"https:\/\/raco19.com\/es\/wp-json\/wp\/v2\/pages"}],"about":[{"href":"https:\/\/raco19.com\/es\/wp-json\/wp\/v2\/types\/page"}],"author":[{"embeddable":true,"href":"https:\/\/raco19.com\/es\/wp-json\/wp\/v2\/users\/1"}],"replies":[{"embeddable":true,"href":"https:\/\/raco19.com\/es\/wp-json\/wp\/v2\/comments?post=706"}],"version-history":[{"count":3,"href":"https:\/\/raco19.com\/es\/wp-json\/wp\/v2\/pages\/706\/revisions"}],"predecessor-version":[{"id":957,"href":"https:\/\/raco19.com\/es\/wp-json\/wp\/v2\/pages\/706\/revisions\/957"}],"wp:attachment":[{"href":"https:\/\/raco19.com\/es\/wp-json\/wp\/v2\/media?parent=706"}],"curies":[{"name":"wp","href":"https:\/\/api.w.org\/{rel}","templated":true}]}}