{"id":354,"date":"2024-02-27T09:39:20","date_gmt":"2024-02-27T08:39:20","guid":{"rendered":"https:\/\/raco19.com\/eventos\/"},"modified":"2024-09-17T10:35:06","modified_gmt":"2024-09-17T08:35:06","slug":"eventos","status":"publish","type":"page","link":"https:\/\/raco19.com\/es\/eventos\/","title":{"rendered":"Eventos"},"content":{"rendered":"\t\t<div data-elementor-type=\"wp-page\" data-elementor-id=\"354\" class=\"elementor elementor-354 elementor-192\" data-elementor-post-type=\"page\">\n\t\t\t\t<div class=\"elementor-element elementor-element-30e291e e-con-full e-flex elementor-invisible e-con e-parent\" data-id=\"30e291e\" data-element_type=\"container\" data-settings=\"{&quot;animation&quot;:&quot;fadeIn&quot;}\" data-core-v316-plus=\"true\">\n\t\t\t\t<div class=\"elementor-element elementor-element-0ab5add elementor-widget elementor-widget-image\" data-id=\"0ab5add\" data-element_type=\"widget\" data-widget_type=\"image.default\">\n\t\t\t\t<div class=\"elementor-widget-container\">\n\t\t\t<style>\/*! elementor - v3.20.0 - 26-03-2024 *\/\n.elementor-widget-image{text-align:center}.elementor-widget-image a{display:inline-block}.elementor-widget-image a img[src$=\".svg\"]{width:48px}.elementor-widget-image img{vertical-align:middle;display:inline-block}<\/style>\t\t\t\t\t\t\t\t\t\t<img fetchpriority=\"high\" decoding=\"async\" width=\"1900\" height=\"942\" src=\"https:\/\/raco19.com\/wp-content\/uploads\/2024\/02\/Esdeveniments-header-jpg.webp\" class=\"attachment-full size-full wp-image-202 not-transparent\" alt=\"\" srcset=\"https:\/\/raco19.com\/wp-content\/uploads\/2024\/02\/Esdeveniments-header-jpg.webp 1900w, https:\/\/raco19.com\/wp-content\/uploads\/2024\/02\/Esdeveniments-header-300x149.webp 300w, https:\/\/raco19.com\/wp-content\/uploads\/2024\/02\/Esdeveniments-header-1024x508.webp 1024w, https:\/\/raco19.com\/wp-content\/uploads\/2024\/02\/Esdeveniments-header-768x381.webp 768w, https:\/\/raco19.com\/wp-content\/uploads\/2024\/02\/Esdeveniments-header-1536x762.webp 1536w\" sizes=\"(max-width: 1900px) 100vw, 1900px\" data-has-transparency=\"false\" data-dominant-color=\"47453d\" style=\"--dominant-color: #47453d\" \/>\t\t\t\t\t\t\t\t\t\t\t\t\t<\/div>\n\t\t\t\t<\/div>\n\t\t\t\t<\/div>\n\t\t<div class=\"elementor-element elementor-element-9ced838 e-con-full e-flex e-con e-parent\" data-id=\"9ced838\" data-element_type=\"container\" data-settings=\"{&quot;background_background&quot;:&quot;classic&quot;}\" data-core-v316-plus=\"true\">\n\t\t<div class=\"elementor-element elementor-element-c20a2ba e-con-full e-flex e-con e-child\" data-id=\"c20a2ba\" data-element_type=\"container\">\n\t\t<div class=\"elementor-element elementor-element-5e046b0 e-con-full e-flex e-con e-child\" data-id=\"5e046b0\" data-element_type=\"container\">\n\t\t\t\t<div class=\"elementor-element elementor-element-1c4f77c elementor-invisible elementor-widget elementor-widget-heading\" data-id=\"1c4f77c\" data-element_type=\"widget\" data-settings=\"{&quot;_animation&quot;:&quot;fadeInLeft&quot;}\" data-widget_type=\"heading.default\">\n\t\t\t\t<div class=\"elementor-widget-container\">\n\t\t\t<style>\/*! elementor - v3.20.0 - 26-03-2024 *\/\n.elementor-heading-title{padding:0;margin:0;line-height:1}.elementor-widget-heading .elementor-heading-title[class*=elementor-size-]>a{color:inherit;font-size:inherit;line-height:inherit}.elementor-widget-heading .elementor-heading-title.elementor-size-small{font-size:15px}.elementor-widget-heading .elementor-heading-title.elementor-size-medium{font-size:19px}.elementor-widget-heading .elementor-heading-title.elementor-size-large{font-size:29px}.elementor-widget-heading .elementor-heading-title.elementor-size-xl{font-size:39px}.elementor-widget-heading .elementor-heading-title.elementor-size-xxl{font-size:59px}<\/style><h2 class=\"elementor-heading-title elementor-size-default\">EVENTOS<br>EN RAC\u00d3 19<\/h2>\t\t<\/div>\n\t\t\t\t<\/div>\n\t\t\t\t<div class=\"elementor-element elementor-element-ec08faf elementor-align-right elementor-mobile-align-center elementor-icon-list--layout-traditional elementor-list-item-link-full_width elementor-invisible elementor-widget elementor-widget-icon-list\" data-id=\"ec08faf\" data-element_type=\"widget\" data-settings=\"{&quot;_animation_mobile&quot;:&quot;fadeInLeft&quot;,&quot;_animation&quot;:&quot;fadeInLeft&quot;}\" data-widget_type=\"icon-list.default\">\n\t\t\t\t<div class=\"elementor-widget-container\">\n\t\t\t<link rel=\"stylesheet\" href=\"https:\/\/raco19.com\/wp-content\/plugins\/elementor\/assets\/css\/widget-icon-list.min.css\">\t\t<ul class=\"elementor-icon-list-items\">\n\t\t\t\t\t\t\t<li class=\"elementor-icon-list-item\">\n\t\t\t\t\t\t\t\t\t\t\t<a href=\"\/Men\u00fa%20grups.pdf\" target=\"_blank\">\n\n\t\t\t\t\t\t\t\t\t\t\t\t<span class=\"elementor-icon-list-icon\">\n\t\t\t\t\t\t\t<svg aria-hidden=\"true\" class=\"e-font-icon-svg e-far-file-pdf\" viewBox=\"0 0 384 512\" xmlns=\"http:\/\/www.w3.org\/2000\/svg\"><path d=\"M369.9 97.9L286 14C277 5 264.8-.1 252.1-.1H48C21.5 0 0 21.5 0 48v416c0 26.5 21.5 48 48 48h288c26.5 0 48-21.5 48-48V131.9c0-12.7-5.1-25-14.1-34zM332.1 128H256V51.9l76.1 76.1zM48 464V48h160v104c0 13.3 10.7 24 24 24h104v288H48zm250.2-143.7c-12.2-12-47-8.7-64.4-6.5-17.2-10.5-28.7-25-36.8-46.3 3.9-16.1 10.1-40.6 5.4-56-4.2-26.2-37.8-23.6-42.6-5.9-4.4 16.1-.4 38.5 7 67.1-10 23.9-24.9 56-35.4 74.4-20 10.3-47 26.2-51 46.2-3.3 15.8 26 55.2 76.1-31.2 22.4-7.4 46.8-16.5 68.4-20.1 18.9 10.2 41 17 55.8 17 25.5 0 28-28.2 17.5-38.7zm-198.1 77.8c5.1-13.7 24.5-29.5 30.4-35-19 30.3-30.4 35.7-30.4 35zm81.6-190.6c7.4 0 6.7 32.1 1.8 40.8-4.4-13.9-4.3-40.8-1.8-40.8zm-24.4 136.6c9.7-16.9 18-37 24.7-54.7 8.3 15.1 18.9 27.2 30.1 35.5-20.8 4.3-38.9 13.1-54.8 19.2zm131.6-5s-5 6-37.3-7.8c35.1-2.6 40.9 5.4 37.3 7.8z\"><\/path><\/svg>\t\t\t\t\t\t<\/span>\n\t\t\t\t\t\t\t\t\t\t<span class=\"elementor-icon-list-text\">Consulta nuestros men\u00fas para grupos<\/span>\n\t\t\t\t\t\t\t\t\t\t\t<\/a>\n\t\t\t\t\t\t\t\t\t<\/li>\n\t\t\t\t\t\t<\/ul>\n\t\t\t\t<\/div>\n\t\t\t\t<\/div>\n\t\t\t\t<\/div>\n\t\t<div class=\"elementor-element elementor-element-c1535e7 e-con-full e-flex e-con e-child\" data-id=\"c1535e7\" data-element_type=\"container\">\n\t\t\t\t<\/div>\n\t\t\t\t<\/div>\n\t\t<div class=\"elementor-element elementor-element-2dd2bc8 e-con-full e-flex e-con e-child\" data-id=\"2dd2bc8\" data-element_type=\"container\">\n\t\t<div class=\"elementor-element elementor-element-0b3d63f e-con-full e-flex e-con e-child\" data-id=\"0b3d63f\" data-element_type=\"container\">\n\t\t\t\t<\/div>\n\t\t<div class=\"elementor-element elementor-element-3dfffa8 e-con-full e-flex elementor-invisible e-con e-child\" data-id=\"3dfffa8\" data-element_type=\"container\" data-settings=\"{&quot;animation&quot;:&quot;fadeInRight&quot;}\">\n\t\t\t\t<div class=\"elementor-element elementor-element-7d8de4f elementor-widget elementor-widget-text-editor\" data-id=\"7d8de4f\" data-element_type=\"widget\" data-widget_type=\"text-editor.default\">\n\t\t\t\t<div class=\"elementor-widget-container\">\n\t\t\t<style>\/*! elementor - v3.20.0 - 26-03-2024 *\/\n.elementor-widget-text-editor.elementor-drop-cap-view-stacked .elementor-drop-cap{background-color:#69727d;color:#fff}.elementor-widget-text-editor.elementor-drop-cap-view-framed .elementor-drop-cap{color:#69727d;border:3px solid;background-color:transparent}.elementor-widget-text-editor:not(.elementor-drop-cap-view-default) .elementor-drop-cap{margin-top:8px}.elementor-widget-text-editor:not(.elementor-drop-cap-view-default) .elementor-drop-cap-letter{width:1em;height:1em}.elementor-widget-text-editor .elementor-drop-cap{float:left;text-align:center;line-height:1;font-size:50px}.elementor-widget-text-editor .elementor-drop-cap-letter{display:inline-block}<\/style>\t\t\t\t<p>El amor os ha abrazado y el amor es nuestra forma de entender la cocina.<\/p>\n<p>Elaboramos los platos con ternura y cuidado porque pensamos que es una buena manera de decir te quiero. Amamos la cocina mediterr\u00e1nea y los mejores alimentos que nos da la tierra.<\/p>\n<p>Nos apasiona explorar productos de mercado y cocinarlos con nuestro toque personal y familiar.<br \/>\u00a1Sed bienvenidos a vuestro Rac\u00f3!<\/p>\n\t\t\t\t\t\t<\/div>\n\t\t\t\t<\/div>\n\t\t\t\t<\/div>\n\t\t\t\t<\/div>\n\t\t<div class=\"elementor-element elementor-element-9513f23 e-con-full e-flex e-con e-child\" data-id=\"9513f23\" data-element_type=\"container\">\n\t\t\t\t<div class=\"elementor-element elementor-element-2dc6b4f elementor-invisible elementor-widget elementor-widget-image\" data-id=\"2dc6b4f\" data-element_type=\"widget\" data-settings=\"{&quot;_animation&quot;:&quot;fadeInLeft&quot;}\" data-widget_type=\"image.default\">\n\t\t\t\t<div class=\"elementor-widget-container\">\n\t\t\t\t\t\t\t\t\t\t\t\t\t<img decoding=\"async\" width=\"600\" height=\"700\" src=\"https:\/\/raco19.com\/wp-content\/uploads\/2024\/02\/Esdeveniments-1-jpg.webp\" class=\"attachment-large size-large wp-image-200 not-transparent\" alt=\"\" srcset=\"https:\/\/raco19.com\/wp-content\/uploads\/2024\/02\/Esdeveniments-1-jpg.webp 600w, https:\/\/raco19.com\/wp-content\/uploads\/2024\/02\/Esdeveniments-1-257x300.webp 257w\" sizes=\"(max-width: 600px) 100vw, 600px\" data-has-transparency=\"false\" data-dominant-color=\"5a5247\" style=\"--dominant-color: #5a5247\" \/>\t\t\t\t\t\t\t\t\t\t\t\t\t<\/div>\n\t\t\t\t<\/div>\n\t\t\t\t<div class=\"elementor-element elementor-element-89f20b2 elementor-invisible elementor-widget elementor-widget-image\" data-id=\"89f20b2\" data-element_type=\"widget\" data-settings=\"{&quot;_animation&quot;:&quot;fadeInUp&quot;}\" data-widget_type=\"image.default\">\n\t\t\t\t<div class=\"elementor-widget-container\">\n\t\t\t\t\t\t\t\t\t\t\t\t\t<img decoding=\"async\" width=\"600\" height=\"700\" src=\"https:\/\/raco19.com\/wp-content\/uploads\/2024\/06\/esdeveniments-2-jpg.webp\" class=\"attachment-large size-large wp-image-1338 not-transparent\" alt=\"\" srcset=\"https:\/\/raco19.com\/wp-content\/uploads\/2024\/06\/esdeveniments-2-jpg.webp 600w, https:\/\/raco19.com\/wp-content\/uploads\/2024\/06\/esdeveniments-2-257x300.webp 257w\" sizes=\"(max-width: 600px) 100vw, 600px\" data-has-transparency=\"false\" data-dominant-color=\"757e83\" style=\"--dominant-color: #757e83\" \/>\t\t\t\t\t\t\t\t\t\t\t\t\t<\/div>\n\t\t\t\t<\/div>\n\t\t\t\t<div class=\"elementor-element elementor-element-35a4bc1 elementor-invisible elementor-widget elementor-widget-image\" data-id=\"35a4bc1\" data-element_type=\"widget\" data-settings=\"{&quot;_animation&quot;:&quot;fadeInRight&quot;}\" data-widget_type=\"image.default\">\n\t\t\t\t<div class=\"elementor-widget-container\">\n\t\t\t\t\t\t\t\t\t\t\t\t\t<img loading=\"lazy\" decoding=\"async\" width=\"600\" height=\"700\" src=\"https:\/\/raco19.com\/wp-content\/uploads\/2024\/02\/Esdeveniments-3-jpg.webp\" class=\"attachment-large size-large wp-image-199 not-transparent\" alt=\"\" srcset=\"https:\/\/raco19.com\/wp-content\/uploads\/2024\/02\/Esdeveniments-3-jpg.webp 600w, https:\/\/raco19.com\/wp-content\/uploads\/2024\/02\/Esdeveniments-3-257x300.webp 257w\" sizes=\"(max-width: 600px) 100vw, 600px\" data-has-transparency=\"false\" data-dominant-color=\"9e8975\" style=\"--dominant-color: #9e8975\" \/>\t\t\t\t\t\t\t\t\t\t\t\t\t<\/div>\n\t\t\t\t<\/div>\n\t\t\t\t<\/div>\n\t\t<div class=\"elementor-element elementor-element-d7fac0d e-con-full e-flex e-con e-child\" data-id=\"d7fac0d\" data-element_type=\"container\">\n\t\t<div class=\"elementor-element elementor-element-ac4dd8e e-con-full e-flex e-con e-child\" data-id=\"ac4dd8e\" data-element_type=\"container\">\n\t\t\t\t<\/div>\n\t\t<div class=\"elementor-element elementor-element-effbfae e-con-full e-flex e-con e-child\" data-id=\"effbfae\" data-element_type=\"container\">\n\t\t\t\t<\/div>\n\t\t\t\t<\/div>\n\t\t\t\t<\/div>\n\t\t<div class=\"elementor-element elementor-element-16b9c01 e-con-full e-flex e-con e-parent\" data-id=\"16b9c01\" data-element_type=\"container\" data-core-v316-plus=\"true\">\n\t\t<div class=\"elementor-element elementor-element-bd8af13 e-con-full e-flex e-con e-child\" data-id=\"bd8af13\" data-element_type=\"container\" data-settings=\"{&quot;background_background&quot;:&quot;classic&quot;}\">\n\t\t<div class=\"elementor-element elementor-element-86707e5 e-con-full e-flex e-con e-child\" data-id=\"86707e5\" data-element_type=\"container\">\n\t\t\t\t<div class=\"elementor-element elementor-element-2cb3c22 elementor-invisible elementor-widget elementor-widget-image\" data-id=\"2cb3c22\" data-element_type=\"widget\" data-settings=\"{&quot;_animation&quot;:&quot;fadeInLeft&quot;}\" data-widget_type=\"image.default\">\n\t\t\t\t<div class=\"elementor-widget-container\">\n\t\t\t\t\t\t\t\t\t\t\t\t\t<img loading=\"lazy\" decoding=\"async\" width=\"750\" height=\"795\" src=\"https:\/\/raco19.com\/wp-content\/uploads\/2024\/02\/Esdeveniments-4-jpg.webp\" class=\"attachment-large size-large wp-image-208 not-transparent\" alt=\"\" srcset=\"https:\/\/raco19.com\/wp-content\/uploads\/2024\/02\/Esdeveniments-4-jpg.webp 750w, https:\/\/raco19.com\/wp-content\/uploads\/2024\/02\/Esdeveniments-4-283x300.webp 283w\" sizes=\"(max-width: 750px) 100vw, 750px\" data-has-transparency=\"false\" data-dominant-color=\"564534\" style=\"--dominant-color: #564534\" \/>\t\t\t\t\t\t\t\t\t\t\t\t\t<\/div>\n\t\t\t\t<\/div>\n\t\t\t\t<\/div>\n\t\t<div class=\"elementor-element elementor-element-f0191cb e-con-full e-flex elementor-invisible e-con e-child\" data-id=\"f0191cb\" data-element_type=\"container\" data-settings=\"{&quot;animation&quot;:&quot;fadeInRight&quot;}\">\n\t\t\t\t<div class=\"elementor-element elementor-element-44d0f21 elementor-widget__width-initial elementor-widget elementor-widget-text-editor\" data-id=\"44d0f21\" data-element_type=\"widget\" data-widget_type=\"text-editor.default\">\n\t\t\t\t<div class=\"elementor-widget-container\">\n\t\t\t\t\t\t\t<p>En el sur del Parque Natural del Montnegre y el Corredor, entre bosques y \u00e1rboles de hoja perenne, un camino\u2026 El Mediterr\u00e1neo en el horizonte. No es un decorado ni el escenario de una pel\u00edcula; es el Rac\u00f3 19. Ubicado en el coraz\u00f3n de la comarca del Maresme, el establecimiento simboliza la perfecta uni\u00f3n entre la cocina mediterr\u00e1nea y su entorno. Sus preciosos parajes naturales son la mejor puerta de entrada a un mundo de experiencias para los m\u00e1s exigentes paladares.<\/p>\n<\/p>\n<p>Rac\u00f3 19 es una atalaya sobre el mar con fascinantes vistas al Mediterr\u00e1neo. Rodeado de \u00e1rboles y naturaleza, el establecimiento cuenta con un jard\u00edn cuidado con espacio para la ceremonia, el banquete e incluso zonas de paseo y relax. Un elegante y c\u00f3modo sal\u00f3n tambi\u00e9n est\u00e1 disponible seg\u00fan las necesidades de los 80-100 invitados, que se adaptar\u00e1 para la realizaci\u00f3n del baile para los novios.<\/p>\n<\/p>\n<p>25 a\u00f1os de experiencia y el sello de calidad del Grupo Rac\u00f3. Nuestros restaurantes son santo y se\u00f1a de la cocina mediterr\u00e1nea en la comarca. Reconocidos por mimar un producto de proximidad y de mercado, el espl\u00e9ndido equilibrio entre innovaci\u00f3n y tradici\u00f3n es marca registrada de la familia.<\/p>\n\t\t\t\t\t\t<\/div>\n\t\t\t\t<\/div>\n\t\t\t\t<\/div>\n\t\t\t\t<\/div>\n\t\t\t\t<\/div>\n\t\t<div class=\"elementor-element elementor-element-db97049 e-con-full e-flex e-con e-parent\" data-id=\"db97049\" data-element_type=\"container\" data-core-v316-plus=\"true\">\n\t\t\t\t<div class=\"elementor-element elementor-element-8354272 elementor-widget__width-inherit elementor-invisible elementor-widget elementor-widget-image\" data-id=\"8354272\" data-element_type=\"widget\" data-settings=\"{&quot;_animation&quot;:&quot;fadeIn&quot;}\" data-widget_type=\"image.default\">\n\t\t\t\t<div class=\"elementor-widget-container\">\n\t\t\t\t\t\t\t\t\t\t\t\t\t<img loading=\"lazy\" decoding=\"async\" width=\"1891\" height=\"610\" src=\"https:\/\/raco19.com\/wp-content\/uploads\/2024\/06\/esdeveniments-footer-jpg.webp\" class=\"attachment-full size-full wp-image-1344 not-transparent\" alt=\"\" srcset=\"https:\/\/raco19.com\/wp-content\/uploads\/2024\/06\/esdeveniments-footer-jpg.webp 1891w, https:\/\/raco19.com\/wp-content\/uploads\/2024\/06\/esdeveniments-footer-300x97.webp 300w, https:\/\/raco19.com\/wp-content\/uploads\/2024\/06\/esdeveniments-footer-1024x330.webp 1024w, https:\/\/raco19.com\/wp-content\/uploads\/2024\/06\/esdeveniments-footer-768x248.webp 768w, https:\/\/raco19.com\/wp-content\/uploads\/2024\/06\/esdeveniments-footer-1536x495.webp 1536w\" sizes=\"(max-width: 1891px) 100vw, 1891px\" data-has-transparency=\"false\" data-dominant-color=\"6c7476\" style=\"--dominant-color: #6c7476\" \/>\t\t\t\t\t\t\t\t\t\t\t\t\t<\/div>\n\t\t\t\t<\/div>\n\t\t\t\t<\/div>\n\t\t\t\t<\/div>\n\t\t","protected":false},"excerpt":{"rendered":"<p>EVENTOSEN RAC\u00d3 19 Consulta nuestros men\u00fas para grupos El amor os ha abrazado y el amor es nuestra forma de entender la cocina. Elaboramos los platos con ternura y cuidado porque pensamos que es una buena manera de decir te quiero. Amamos la cocina mediterr\u00e1nea y los mejores alimentos que nos da la tierra. Nos [&hellip;]<\/p>\n","protected":false},"author":1,"featured_media":0,"parent":0,"menu_order":0,"comment_status":"closed","ping_status":"closed","template":"","meta":{"footnotes":""},"yoast_head":"<!-- This site is optimized with the Yoast SEO plugin v22.3 - https:\/\/yoast.com\/wordpress\/plugins\/seo\/ -->\n<title>Eventos - Rac\u00f3 19 - Restaurante Sant Vicen\u00e7 de Montalt<\/title>\n<meta name=\"description\" content=\"El amor os ha abrazado y el amor es nuestra forma de entender la cocina. \u00a1Sed bienvenidos a vuestro Rac\u00f3!\" \/>\n<meta name=\"robots\" content=\"index, follow, max-snippet:-1, max-image-preview:large, max-video-preview:-1\" \/>\n<link rel=\"canonical\" href=\"https:\/\/raco19.com\/es\/eventos\/\" \/>\n<meta property=\"og:locale\" content=\"es_ES\" \/>\n<meta property=\"og:type\" content=\"article\" \/>\n<meta property=\"og:title\" content=\"Eventos - Rac\u00f3 19 - Restaurante Sant Vicen\u00e7 de Montalt\" \/>\n<meta property=\"og:description\" content=\"El amor os ha abrazado y el amor es nuestra forma de entender la cocina. \u00a1Sed bienvenidos a vuestro Rac\u00f3!\" \/>\n<meta property=\"og:url\" content=\"https:\/\/raco19.com\/es\/eventos\/\" \/>\n<meta property=\"og:site_name\" content=\"Rac\u00f3 19 - Restaurante Sant Vicen\u00e7 de Montalt\" \/>\n<meta property=\"article:publisher\" content=\"https:\/\/www.facebook.com\/grupraco19\/\" \/>\n<meta property=\"article:modified_time\" content=\"2024-09-17T08:35:06+00:00\" \/>\n<meta property=\"og:image\" content=\"https:\/\/raco19.com\/wp-content\/uploads\/2024\/02\/Esdeveniments-header-jpg.webp\" \/>\n<meta name=\"twitter:card\" content=\"summary_large_image\" \/>\n<meta name=\"twitter:label1\" content=\"Tiempo de lectura\" \/>\n\t<meta name=\"twitter:data1\" content=\"3 minutos\" \/>\n<script type=\"application\/ld+json\" class=\"yoast-schema-graph\">{\"@context\":\"https:\/\/schema.org\",\"@graph\":[{\"@type\":\"WebPage\",\"@id\":\"https:\/\/raco19.com\/es\/eventos\/\",\"url\":\"https:\/\/raco19.com\/es\/eventos\/\",\"name\":\"Eventos - Rac\u00f3 19 - Restaurante Sant Vicen\u00e7 de Montalt\",\"isPartOf\":{\"@id\":\"https:\/\/raco19.com\/es\/#website\"},\"primaryImageOfPage\":{\"@id\":\"https:\/\/raco19.com\/es\/eventos\/#primaryimage\"},\"image\":{\"@id\":\"https:\/\/raco19.com\/es\/eventos\/#primaryimage\"},\"thumbnailUrl\":\"https:\/\/raco19.com\/wp-content\/uploads\/2024\/02\/Esdeveniments-header-jpg.webp\",\"datePublished\":\"2024-02-27T08:39:20+00:00\",\"dateModified\":\"2024-09-17T08:35:06+00:00\",\"description\":\"El amor os ha abrazado y el amor es nuestra forma de entender la cocina. \u00a1Sed bienvenidos a vuestro Rac\u00f3!\",\"breadcrumb\":{\"@id\":\"https:\/\/raco19.com\/es\/eventos\/#breadcrumb\"},\"inLanguage\":\"es\",\"potentialAction\":[{\"@type\":\"ReadAction\",\"target\":[\"https:\/\/raco19.com\/es\/eventos\/\"]}]},{\"@type\":\"ImageObject\",\"inLanguage\":\"es\",\"@id\":\"https:\/\/raco19.com\/es\/eventos\/#primaryimage\",\"url\":\"https:\/\/raco19.com\/wp-content\/uploads\/2024\/02\/Esdeveniments-header-jpg.webp\",\"contentUrl\":\"https:\/\/raco19.com\/wp-content\/uploads\/2024\/02\/Esdeveniments-header-jpg.webp\",\"width\":1900,\"height\":942},{\"@type\":\"BreadcrumbList\",\"@id\":\"https:\/\/raco19.com\/es\/eventos\/#breadcrumb\",\"itemListElement\":[{\"@type\":\"ListItem\",\"position\":1,\"name\":\"Portada\",\"item\":\"https:\/\/raco19.com\/es\/inicio\/\"},{\"@type\":\"ListItem\",\"position\":2,\"name\":\"Eventos\"}]},{\"@type\":\"WebSite\",\"@id\":\"https:\/\/raco19.com\/es\/#website\",\"url\":\"https:\/\/raco19.com\/es\/\",\"name\":\"Rac\u00f3 19 - Restaurant Sant Vicen\u00e7 de Montalt\",\"description\":\"\",\"publisher\":{\"@id\":\"https:\/\/raco19.com\/es\/#organization\"},\"alternateName\":\"Rac\u00f3 19 - Restaurant Sant Vicen\u00e7 de Montalt\",\"potentialAction\":[{\"@type\":\"SearchAction\",\"target\":{\"@type\":\"EntryPoint\",\"urlTemplate\":\"https:\/\/raco19.com\/es\/?s={search_term_string}\"},\"query-input\":\"required name=search_term_string\"}],\"inLanguage\":\"es\"},{\"@type\":\"Organization\",\"@id\":\"https:\/\/raco19.com\/es\/#organization\",\"name\":\"Rac\u00f3 19 - Restaurante Sant Vicen\u00e7 de Montalt\",\"alternateName\":\"Rac\u00f3 19 - Restaurant Sant Vicen\u00e7 de Montalt\",\"url\":\"https:\/\/raco19.com\/es\/\",\"logo\":{\"@type\":\"ImageObject\",\"inLanguage\":\"es\",\"@id\":\"https:\/\/raco19.com\/es\/#\/schema\/logo\/image\/\",\"url\":\"https:\/\/raco19.com\/wp-content\/uploads\/2024\/02\/logo-real-1.png\",\"contentUrl\":\"https:\/\/raco19.com\/wp-content\/uploads\/2024\/02\/logo-real-1.png\",\"width\":486,\"height\":153,\"caption\":\"Rac\u00f3 19 - Restaurante Sant Vicen\u00e7 de Montalt\"},\"image\":{\"@id\":\"https:\/\/raco19.com\/es\/#\/schema\/logo\/image\/\"},\"sameAs\":[\"https:\/\/www.facebook.com\/grupraco19\/\",\"https:\/\/www.bodas.net\/masias\/raco-19--e111552\",\"https:\/\/www.instagram.com\/raco.19\/\"]}]}<\/script>\n<!-- \/ Yoast SEO plugin. -->","yoast_head_json":{"title":"Eventos - Rac\u00f3 19 - Restaurante Sant Vicen\u00e7 de Montalt","description":"El amor os ha abrazado y el amor es nuestra forma de entender la cocina. \u00a1Sed bienvenidos a vuestro Rac\u00f3!","robots":{"index":"index","follow":"follow","max-snippet":"max-snippet:-1","max-image-preview":"max-image-preview:large","max-video-preview":"max-video-preview:-1"},"canonical":"https:\/\/raco19.com\/es\/eventos\/","og_locale":"es_ES","og_type":"article","og_title":"Eventos - Rac\u00f3 19 - Restaurante Sant Vicen\u00e7 de Montalt","og_description":"El amor os ha abrazado y el amor es nuestra forma de entender la cocina. \u00a1Sed bienvenidos a vuestro Rac\u00f3!","og_url":"https:\/\/raco19.com\/es\/eventos\/","og_site_name":"Rac\u00f3 19 - Restaurante Sant Vicen\u00e7 de Montalt","article_publisher":"https:\/\/www.facebook.com\/grupraco19\/","article_modified_time":"2024-09-17T08:35:06+00:00","og_image":[{"url":"https:\/\/raco19.com\/wp-content\/uploads\/2024\/02\/Esdeveniments-header-jpg.webp"}],"twitter_card":"summary_large_image","twitter_misc":{"Tiempo de lectura":"3 minutos"},"schema":{"@context":"https:\/\/schema.org","@graph":[{"@type":"WebPage","@id":"https:\/\/raco19.com\/es\/eventos\/","url":"https:\/\/raco19.com\/es\/eventos\/","name":"Eventos - Rac\u00f3 19 - Restaurante Sant Vicen\u00e7 de Montalt","isPartOf":{"@id":"https:\/\/raco19.com\/es\/#website"},"primaryImageOfPage":{"@id":"https:\/\/raco19.com\/es\/eventos\/#primaryimage"},"image":{"@id":"https:\/\/raco19.com\/es\/eventos\/#primaryimage"},"thumbnailUrl":"https:\/\/raco19.com\/wp-content\/uploads\/2024\/02\/Esdeveniments-header-jpg.webp","datePublished":"2024-02-27T08:39:20+00:00","dateModified":"2024-09-17T08:35:06+00:00","description":"El amor os ha abrazado y el amor es nuestra forma de entender la cocina. \u00a1Sed bienvenidos a vuestro Rac\u00f3!","breadcrumb":{"@id":"https:\/\/raco19.com\/es\/eventos\/#breadcrumb"},"inLanguage":"es","potentialAction":[{"@type":"ReadAction","target":["https:\/\/raco19.com\/es\/eventos\/"]}]},{"@type":"ImageObject","inLanguage":"es","@id":"https:\/\/raco19.com\/es\/eventos\/#primaryimage","url":"https:\/\/raco19.com\/wp-content\/uploads\/2024\/02\/Esdeveniments-header-jpg.webp","contentUrl":"https:\/\/raco19.com\/wp-content\/uploads\/2024\/02\/Esdeveniments-header-jpg.webp","width":1900,"height":942},{"@type":"BreadcrumbList","@id":"https:\/\/raco19.com\/es\/eventos\/#breadcrumb","itemListElement":[{"@type":"ListItem","position":1,"name":"Portada","item":"https:\/\/raco19.com\/es\/inicio\/"},{"@type":"ListItem","position":2,"name":"Eventos"}]},{"@type":"WebSite","@id":"https:\/\/raco19.com\/es\/#website","url":"https:\/\/raco19.com\/es\/","name":"Rac\u00f3 19 - Restaurant Sant Vicen\u00e7 de Montalt","description":"","publisher":{"@id":"https:\/\/raco19.com\/es\/#organization"},"alternateName":"Rac\u00f3 19 - Restaurant Sant Vicen\u00e7 de Montalt","potentialAction":[{"@type":"SearchAction","target":{"@type":"EntryPoint","urlTemplate":"https:\/\/raco19.com\/es\/?s={search_term_string}"},"query-input":"required name=search_term_string"}],"inLanguage":"es"},{"@type":"Organization","@id":"https:\/\/raco19.com\/es\/#organization","name":"Rac\u00f3 19 - Restaurante Sant Vicen\u00e7 de Montalt","alternateName":"Rac\u00f3 19 - Restaurant Sant Vicen\u00e7 de Montalt","url":"https:\/\/raco19.com\/es\/","logo":{"@type":"ImageObject","inLanguage":"es","@id":"https:\/\/raco19.com\/es\/#\/schema\/logo\/image\/","url":"https:\/\/raco19.com\/wp-content\/uploads\/2024\/02\/logo-real-1.png","contentUrl":"https:\/\/raco19.com\/wp-content\/uploads\/2024\/02\/logo-real-1.png","width":486,"height":153,"caption":"Rac\u00f3 19 - Restaurante Sant Vicen\u00e7 de Montalt"},"image":{"@id":"https:\/\/raco19.com\/es\/#\/schema\/logo\/image\/"},"sameAs":["https:\/\/www.facebook.com\/grupraco19\/","https:\/\/www.bodas.net\/masias\/raco-19--e111552","https:\/\/www.instagram.com\/raco.19\/"]}]}},"_links":{"self":[{"href":"https:\/\/raco19.com\/es\/wp-json\/wp\/v2\/pages\/354"}],"collection":[{"href":"https:\/\/raco19.com\/es\/wp-json\/wp\/v2\/pages"}],"about":[{"href":"https:\/\/raco19.com\/es\/wp-json\/wp\/v2\/types\/page"}],"author":[{"embeddable":true,"href":"https:\/\/raco19.com\/es\/wp-json\/wp\/v2\/users\/1"}],"replies":[{"embeddable":true,"href":"https:\/\/raco19.com\/es\/wp-json\/wp\/v2\/comments?post=354"}],"version-history":[{"count":18,"href":"https:\/\/raco19.com\/es\/wp-json\/wp\/v2\/pages\/354\/revisions"}],"predecessor-version":[{"id":1392,"href":"https:\/\/raco19.com\/es\/wp-json\/wp\/v2\/pages\/354\/revisions\/1392"}],"wp:attachment":[{"href":"https:\/\/raco19.com\/es\/wp-json\/wp\/v2\/media?parent=354"}],"curies":[{"name":"wp","href":"https:\/\/api.w.org\/{rel}","templated":true}]}}