{"id":1435,"date":"2025-11-21T13:14:25","date_gmt":"2025-11-21T12:14:25","guid":{"rendered":"https:\/\/raco19.com\/?page_id=1435"},"modified":"2025-11-24T09:22:30","modified_gmt":"2025-11-24T08:22:30","slug":"menu-diario","status":"publish","type":"page","link":"https:\/\/raco19.com\/es\/menu-diario\/","title":{"rendered":"Men\u00fa diario"},"content":{"rendered":"\t\t<div data-elementor-type=\"wp-page\" data-elementor-id=\"1435\" class=\"elementor elementor-1435 elementor-1434\" data-elementor-post-type=\"page\">\n\t\t\t\t<div class=\"elementor-element elementor-element-30e291e e-con-full e-flex elementor-invisible e-con e-parent\" data-id=\"30e291e\" data-element_type=\"container\" data-settings=\"{&quot;animation&quot;:&quot;fadeIn&quot;}\" data-core-v316-plus=\"true\">\n\t\t\t\t<div class=\"elementor-element elementor-element-0ab5add elementor-widget elementor-widget-image\" data-id=\"0ab5add\" data-element_type=\"widget\" data-widget_type=\"image.default\">\n\t\t\t\t<div class=\"elementor-widget-container\">\n\t\t\t<style>\/*! elementor - v3.20.0 - 26-03-2024 *\/\n.elementor-widget-image{text-align:center}.elementor-widget-image a{display:inline-block}.elementor-widget-image a img[src$=\".svg\"]{width:48px}.elementor-widget-image img{vertical-align:middle;display:inline-block}<\/style>\t\t\t\t\t\t\t\t\t\t<img fetchpriority=\"high\" decoding=\"async\" width=\"1900\" height=\"942\" src=\"https:\/\/raco19.com\/wp-content\/uploads\/2024\/03\/Carta-header-jpg.webp\" class=\"attachment-full size-full wp-image-958 not-transparent\" alt=\"\" srcset=\"https:\/\/raco19.com\/wp-content\/uploads\/2024\/03\/Carta-header-jpg.webp 1900w, https:\/\/raco19.com\/wp-content\/uploads\/2024\/03\/Carta-header-300x149.webp 300w, https:\/\/raco19.com\/wp-content\/uploads\/2024\/03\/Carta-header-1024x508.webp 1024w, https:\/\/raco19.com\/wp-content\/uploads\/2024\/03\/Carta-header-768x381.webp 768w, https:\/\/raco19.com\/wp-content\/uploads\/2024\/03\/Carta-header-1536x762.webp 1536w\" sizes=\"(max-width: 1900px) 100vw, 1900px\" data-has-transparency=\"false\" data-dominant-color=\"796e61\" style=\"--dominant-color: #796e61\" \/>\t\t\t\t\t\t\t\t\t\t\t\t\t<\/div>\n\t\t\t\t<\/div>\n\t\t\t\t<\/div>\n\t\t<div class=\"elementor-element elementor-element-9ced838 e-con-full e-flex e-con e-parent\" data-id=\"9ced838\" data-element_type=\"container\" data-settings=\"{&quot;background_background&quot;:&quot;classic&quot;}\" data-core-v316-plus=\"true\">\n\t\t<div class=\"elementor-element elementor-element-c20a2ba e-con-full e-flex e-con e-child\" data-id=\"c20a2ba\" data-element_type=\"container\">\n\t\t<div class=\"elementor-element elementor-element-5e046b0 e-con-full e-flex e-con e-child\" data-id=\"5e046b0\" data-element_type=\"container\">\n\t\t\t\t<div class=\"elementor-element elementor-element-1c4f77c elementor-invisible elementor-widget elementor-widget-heading\" data-id=\"1c4f77c\" data-element_type=\"widget\" data-settings=\"{&quot;_animation&quot;:&quot;fadeInLeft&quot;}\" data-widget_type=\"heading.default\">\n\t\t\t\t<div class=\"elementor-widget-container\">\n\t\t\t<style>\/*! elementor - v3.20.0 - 26-03-2024 *\/\n.elementor-heading-title{padding:0;margin:0;line-height:1}.elementor-widget-heading .elementor-heading-title[class*=elementor-size-]>a{color:inherit;font-size:inherit;line-height:inherit}.elementor-widget-heading .elementor-heading-title.elementor-size-small{font-size:15px}.elementor-widget-heading .elementor-heading-title.elementor-size-medium{font-size:19px}.elementor-widget-heading .elementor-heading-title.elementor-size-large{font-size:29px}.elementor-widget-heading .elementor-heading-title.elementor-size-xl{font-size:39px}.elementor-widget-heading .elementor-heading-title.elementor-size-xxl{font-size:59px}<\/style><h2 class=\"elementor-heading-title elementor-size-default\">MEN\u00da DIARIO<\/h2>\t\t<\/div>\n\t\t\t\t<\/div>\n\t\t\t\t<\/div>\n\t\t<div class=\"elementor-element elementor-element-c1535e7 e-con-full e-flex elementor-invisible e-con e-child\" data-id=\"c1535e7\" data-element_type=\"container\" data-settings=\"{&quot;animation&quot;:&quot;fadeInRight&quot;}\">\n\t\t\t\t<\/div>\n\t\t\t\t<\/div>\n\t\t<div class=\"elementor-element elementor-element-2dd2bc8 e-con-full e-flex e-con e-child\" data-id=\"2dd2bc8\" data-element_type=\"container\">\n\t\t\t\t<div class=\"elementor-element elementor-element-af33600 elementor-widget elementor-widget-html\" data-id=\"af33600\" data-element_type=\"widget\" data-widget_type=\"html.default\">\n\t\t\t\t<div class=\"elementor-widget-container\">\n\t\t\t<img decoding=\"async\" id=\"imgmenu\" src=\"\" alt=\"men\u00fa diario\">\n\n<script>\nwindow.jQuery || document.write('<script src=\"https:\/\/ajax.googleapis.com\/ajax\/libs\/jquery\/3.6.0\/jquery.min.js\"><\\\/script>')\n<\/script>\n\n<script>\n    jQuery(document).ready(function($) {\n    \/\/ Define the image path\n    var imagePath = 'https:\/\/raco19.com\/wp-content\/uploads\/menudiario.jpg'; \/\/ Replace with your actual image path\n   var timestamp = new Date().getTime(); \/\/ milisegundos desde 1970\n\n    \/\/ A\u00f1adir par\u00e1metro a la URL\n    var imagePathConFecha = imagePath + '?v=' + timestamp;\n\n    \/\/ Select the <img> element and set its src attribute\n    \/\/ You'll need to give your <img> element an ID or a class to target it\n    $('#imgmenu').attr('src', imagePathConFecha);\n});\n<\/script>\t\t<\/div>\n\t\t\t\t<\/div>\n\t\t\t\t<\/div>\n\t\t\t\t<\/div>\n\t\t<div class=\"elementor-element elementor-element-9c195a0 e-flex e-con-boxed e-con e-parent\" data-id=\"9c195a0\" data-element_type=\"container\" data-core-v316-plus=\"true\">\n\t\t\t\t\t<div class=\"e-con-inner\">\n\t\t\t\t\t<\/div>\n\t\t\t\t<\/div>\n\t\t\t\t<\/div>\n\t\t","protected":false},"excerpt":{"rendered":"<p>MEN\u00da DIARIO<\/p>\n","protected":false},"author":1,"featured_media":0,"parent":0,"menu_order":0,"comment_status":"closed","ping_status":"closed","template":"","meta":{"footnotes":""},"yoast_head":"<!-- This site is optimized with the Yoast SEO plugin v22.3 - https:\/\/yoast.com\/wordpress\/plugins\/seo\/ -->\n<title>Men\u00fa diario - Rac\u00f3 19 - Restaurante Sant Vicen\u00e7 de Montalt<\/title>\n<meta name=\"description\" content=\"Carn a la brasa, peix, i verdures de temporada.\u2028Cuina de mercat tradicional i moderna davant d\u2019unes espectaculars vistes al mar.\" \/>\n<meta name=\"robots\" content=\"index, follow, max-snippet:-1, max-image-preview:large, max-video-preview:-1\" \/>\n<link rel=\"canonical\" href=\"https:\/\/raco19.com\/es\/menu-diario\/\" \/>\n<meta property=\"og:locale\" content=\"es_ES\" \/>\n<meta property=\"og:type\" content=\"article\" \/>\n<meta property=\"og:title\" content=\"Men\u00fa diario - Rac\u00f3 19 - Restaurante Sant Vicen\u00e7 de Montalt\" \/>\n<meta property=\"og:description\" content=\"Carn a la brasa, peix, i verdures de temporada.\u2028Cuina de mercat tradicional i moderna davant d\u2019unes espectaculars vistes al mar.\" \/>\n<meta property=\"og:url\" content=\"https:\/\/raco19.com\/es\/menu-diario\/\" \/>\n<meta property=\"og:site_name\" content=\"Rac\u00f3 19 - Restaurante Sant Vicen\u00e7 de Montalt\" \/>\n<meta property=\"article:publisher\" content=\"https:\/\/www.facebook.com\/grupraco19\/\" \/>\n<meta property=\"article:modified_time\" content=\"2025-11-24T08:22:30+00:00\" \/>\n<meta property=\"og:image\" content=\"https:\/\/raco19.com\/wp-content\/uploads\/2024\/03\/Carta-header-jpg.webp\" \/>\n<meta name=\"twitter:card\" content=\"summary_large_image\" \/>\n<meta name=\"twitter:label1\" content=\"Tiempo de lectura\" \/>\n\t<meta name=\"twitter:data1\" content=\"1 minuto\" \/>\n<script type=\"application\/ld+json\" class=\"yoast-schema-graph\">{\"@context\":\"https:\/\/schema.org\",\"@graph\":[{\"@type\":\"WebPage\",\"@id\":\"https:\/\/raco19.com\/es\/menu-diario\/\",\"url\":\"https:\/\/raco19.com\/es\/menu-diario\/\",\"name\":\"Men\u00fa diario - Rac\u00f3 19 - Restaurante Sant Vicen\u00e7 de Montalt\",\"isPartOf\":{\"@id\":\"https:\/\/raco19.com\/es\/#website\"},\"primaryImageOfPage\":{\"@id\":\"https:\/\/raco19.com\/es\/menu-diario\/#primaryimage\"},\"image\":{\"@id\":\"https:\/\/raco19.com\/es\/menu-diario\/#primaryimage\"},\"thumbnailUrl\":\"https:\/\/raco19.com\/wp-content\/uploads\/2024\/03\/Carta-header-jpg.webp\",\"datePublished\":\"2025-11-21T12:14:25+00:00\",\"dateModified\":\"2025-11-24T08:22:30+00:00\",\"description\":\"Carn a la brasa, peix, i verdures de temporada.\\u2028Cuina de mercat tradicional i moderna davant d\u2019unes espectaculars vistes al mar.\",\"breadcrumb\":{\"@id\":\"https:\/\/raco19.com\/es\/menu-diario\/#breadcrumb\"},\"inLanguage\":\"es\",\"potentialAction\":[{\"@type\":\"ReadAction\",\"target\":[\"https:\/\/raco19.com\/es\/menu-diario\/\"]}]},{\"@type\":\"ImageObject\",\"inLanguage\":\"es\",\"@id\":\"https:\/\/raco19.com\/es\/menu-diario\/#primaryimage\",\"url\":\"https:\/\/raco19.com\/wp-content\/uploads\/2024\/03\/Carta-header-jpg.webp\",\"contentUrl\":\"https:\/\/raco19.com\/wp-content\/uploads\/2024\/03\/Carta-header-jpg.webp\",\"width\":1900,\"height\":942},{\"@type\":\"BreadcrumbList\",\"@id\":\"https:\/\/raco19.com\/es\/menu-diario\/#breadcrumb\",\"itemListElement\":[{\"@type\":\"ListItem\",\"position\":1,\"name\":\"Portada\",\"item\":\"https:\/\/raco19.com\/es\/inicio\/\"},{\"@type\":\"ListItem\",\"position\":2,\"name\":\"Men\u00fa diario\"}]},{\"@type\":\"WebSite\",\"@id\":\"https:\/\/raco19.com\/es\/#website\",\"url\":\"https:\/\/raco19.com\/es\/\",\"name\":\"Rac\u00f3 19 - Restaurant Sant Vicen\u00e7 de Montalt\",\"description\":\"\",\"publisher\":{\"@id\":\"https:\/\/raco19.com\/es\/#organization\"},\"alternateName\":\"Rac\u00f3 19 - Restaurant Sant Vicen\u00e7 de Montalt\",\"potentialAction\":[{\"@type\":\"SearchAction\",\"target\":{\"@type\":\"EntryPoint\",\"urlTemplate\":\"https:\/\/raco19.com\/es\/?s={search_term_string}\"},\"query-input\":\"required name=search_term_string\"}],\"inLanguage\":\"es\"},{\"@type\":\"Organization\",\"@id\":\"https:\/\/raco19.com\/es\/#organization\",\"name\":\"Rac\u00f3 19 - Restaurante Sant Vicen\u00e7 de Montalt\",\"alternateName\":\"Rac\u00f3 19 - Restaurant Sant Vicen\u00e7 de Montalt\",\"url\":\"https:\/\/raco19.com\/es\/\",\"logo\":{\"@type\":\"ImageObject\",\"inLanguage\":\"es\",\"@id\":\"https:\/\/raco19.com\/es\/#\/schema\/logo\/image\/\",\"url\":\"https:\/\/raco19.com\/wp-content\/uploads\/2024\/02\/logo-real-1.png\",\"contentUrl\":\"https:\/\/raco19.com\/wp-content\/uploads\/2024\/02\/logo-real-1.png\",\"width\":486,\"height\":153,\"caption\":\"Rac\u00f3 19 - Restaurante Sant Vicen\u00e7 de Montalt\"},\"image\":{\"@id\":\"https:\/\/raco19.com\/es\/#\/schema\/logo\/image\/\"},\"sameAs\":[\"https:\/\/www.facebook.com\/grupraco19\/\",\"https:\/\/www.bodas.net\/masias\/raco-19--e111552\",\"https:\/\/www.instagram.com\/raco.19\/\"]}]}<\/script>\n<!-- \/ Yoast SEO plugin. -->","yoast_head_json":{"title":"Men\u00fa diario - Rac\u00f3 19 - Restaurante Sant Vicen\u00e7 de Montalt","description":"Carn a la brasa, peix, i verdures de temporada.\u2028Cuina de mercat tradicional i moderna davant d\u2019unes espectaculars vistes al mar.","robots":{"index":"index","follow":"follow","max-snippet":"max-snippet:-1","max-image-preview":"max-image-preview:large","max-video-preview":"max-video-preview:-1"},"canonical":"https:\/\/raco19.com\/es\/menu-diario\/","og_locale":"es_ES","og_type":"article","og_title":"Men\u00fa diario - Rac\u00f3 19 - Restaurante Sant Vicen\u00e7 de Montalt","og_description":"Carn a la brasa, peix, i verdures de temporada.\u2028Cuina de mercat tradicional i moderna davant d\u2019unes espectaculars vistes al mar.","og_url":"https:\/\/raco19.com\/es\/menu-diario\/","og_site_name":"Rac\u00f3 19 - Restaurante Sant Vicen\u00e7 de Montalt","article_publisher":"https:\/\/www.facebook.com\/grupraco19\/","article_modified_time":"2025-11-24T08:22:30+00:00","og_image":[{"url":"https:\/\/raco19.com\/wp-content\/uploads\/2024\/03\/Carta-header-jpg.webp"}],"twitter_card":"summary_large_image","twitter_misc":{"Tiempo de lectura":"1 minuto"},"schema":{"@context":"https:\/\/schema.org","@graph":[{"@type":"WebPage","@id":"https:\/\/raco19.com\/es\/menu-diario\/","url":"https:\/\/raco19.com\/es\/menu-diario\/","name":"Men\u00fa diario - Rac\u00f3 19 - Restaurante Sant Vicen\u00e7 de Montalt","isPartOf":{"@id":"https:\/\/raco19.com\/es\/#website"},"primaryImageOfPage":{"@id":"https:\/\/raco19.com\/es\/menu-diario\/#primaryimage"},"image":{"@id":"https:\/\/raco19.com\/es\/menu-diario\/#primaryimage"},"thumbnailUrl":"https:\/\/raco19.com\/wp-content\/uploads\/2024\/03\/Carta-header-jpg.webp","datePublished":"2025-11-21T12:14:25+00:00","dateModified":"2025-11-24T08:22:30+00:00","description":"Carn a la brasa, peix, i verdures de temporada.\u2028Cuina de mercat tradicional i moderna davant d\u2019unes espectaculars vistes al mar.","breadcrumb":{"@id":"https:\/\/raco19.com\/es\/menu-diario\/#breadcrumb"},"inLanguage":"es","potentialAction":[{"@type":"ReadAction","target":["https:\/\/raco19.com\/es\/menu-diario\/"]}]},{"@type":"ImageObject","inLanguage":"es","@id":"https:\/\/raco19.com\/es\/menu-diario\/#primaryimage","url":"https:\/\/raco19.com\/wp-content\/uploads\/2024\/03\/Carta-header-jpg.webp","contentUrl":"https:\/\/raco19.com\/wp-content\/uploads\/2024\/03\/Carta-header-jpg.webp","width":1900,"height":942},{"@type":"BreadcrumbList","@id":"https:\/\/raco19.com\/es\/menu-diario\/#breadcrumb","itemListElement":[{"@type":"ListItem","position":1,"name":"Portada","item":"https:\/\/raco19.com\/es\/inicio\/"},{"@type":"ListItem","position":2,"name":"Men\u00fa diario"}]},{"@type":"WebSite","@id":"https:\/\/raco19.com\/es\/#website","url":"https:\/\/raco19.com\/es\/","name":"Rac\u00f3 19 - Restaurant Sant Vicen\u00e7 de Montalt","description":"","publisher":{"@id":"https:\/\/raco19.com\/es\/#organization"},"alternateName":"Rac\u00f3 19 - Restaurant Sant Vicen\u00e7 de Montalt","potentialAction":[{"@type":"SearchAction","target":{"@type":"EntryPoint","urlTemplate":"https:\/\/raco19.com\/es\/?s={search_term_string}"},"query-input":"required name=search_term_string"}],"inLanguage":"es"},{"@type":"Organization","@id":"https:\/\/raco19.com\/es\/#organization","name":"Rac\u00f3 19 - Restaurante Sant Vicen\u00e7 de Montalt","alternateName":"Rac\u00f3 19 - Restaurant Sant Vicen\u00e7 de Montalt","url":"https:\/\/raco19.com\/es\/","logo":{"@type":"ImageObject","inLanguage":"es","@id":"https:\/\/raco19.com\/es\/#\/schema\/logo\/image\/","url":"https:\/\/raco19.com\/wp-content\/uploads\/2024\/02\/logo-real-1.png","contentUrl":"https:\/\/raco19.com\/wp-content\/uploads\/2024\/02\/logo-real-1.png","width":486,"height":153,"caption":"Rac\u00f3 19 - Restaurante Sant Vicen\u00e7 de Montalt"},"image":{"@id":"https:\/\/raco19.com\/es\/#\/schema\/logo\/image\/"},"sameAs":["https:\/\/www.facebook.com\/grupraco19\/","https:\/\/www.bodas.net\/masias\/raco-19--e111552","https:\/\/www.instagram.com\/raco.19\/"]}]}},"_links":{"self":[{"href":"https:\/\/raco19.com\/es\/wp-json\/wp\/v2\/pages\/1435"}],"collection":[{"href":"https:\/\/raco19.com\/es\/wp-json\/wp\/v2\/pages"}],"about":[{"href":"https:\/\/raco19.com\/es\/wp-json\/wp\/v2\/types\/page"}],"author":[{"embeddable":true,"href":"https:\/\/raco19.com\/es\/wp-json\/wp\/v2\/users\/1"}],"replies":[{"embeddable":true,"href":"https:\/\/raco19.com\/es\/wp-json\/wp\/v2\/comments?post=1435"}],"version-history":[{"count":6,"href":"https:\/\/raco19.com\/es\/wp-json\/wp\/v2\/pages\/1435\/revisions"}],"predecessor-version":[{"id":1471,"href":"https:\/\/raco19.com\/es\/wp-json\/wp\/v2\/pages\/1435\/revisions\/1471"}],"wp:attachment":[{"href":"https:\/\/raco19.com\/es\/wp-json\/wp\/v2\/media?parent=1435"}],"curies":[{"name":"wp","href":"https:\/\/api.w.org\/{rel}","templated":true}]}}