{"id":1404,"date":"2025-04-15T14:35:41","date_gmt":"2025-04-15T12:35:41","guid":{"rendered":"https:\/\/raco19.com\/?page_id=1404"},"modified":"2025-04-15T14:39:59","modified_gmt":"2025-04-15T12:39:59","slug":"reservas","status":"publish","type":"page","link":"https:\/\/raco19.com\/es\/reservas\/","title":{"rendered":"Reservas"},"content":{"rendered":"\t\t<div data-elementor-type=\"wp-page\" data-elementor-id=\"1404\" class=\"elementor elementor-1404 elementor-1403\" data-elementor-post-type=\"page\">\n\t\t\t\t<div class=\"elementor-element elementor-element-30e291e e-con-full e-flex elementor-invisible e-con e-parent\" data-id=\"30e291e\" data-element_type=\"container\" data-settings=\"{&quot;animation&quot;:&quot;fadeIn&quot;}\" data-core-v316-plus=\"true\">\n\t\t\t\t<div class=\"elementor-element elementor-element-0ab5add elementor-widget elementor-widget-image\" data-id=\"0ab5add\" data-element_type=\"widget\" data-widget_type=\"image.default\">\n\t\t\t\t<div class=\"elementor-widget-container\">\n\t\t\t<style>\/*! elementor - v3.20.0 - 26-03-2024 *\/\n.elementor-widget-image{text-align:center}.elementor-widget-image a{display:inline-block}.elementor-widget-image a img[src$=\".svg\"]{width:48px}.elementor-widget-image img{vertical-align:middle;display:inline-block}<\/style>\t\t\t\t\t\t\t\t\t\t<img fetchpriority=\"high\" decoding=\"async\" width=\"1900\" height=\"942\" src=\"https:\/\/raco19.com\/wp-content\/uploads\/2024\/02\/Contacte-header-jpg.webp\" class=\"attachment-full size-full wp-image-233 not-transparent\" alt=\"\" srcset=\"https:\/\/raco19.com\/wp-content\/uploads\/2024\/02\/Contacte-header-jpg.webp 1900w, https:\/\/raco19.com\/wp-content\/uploads\/2024\/02\/Contacte-header-300x149.webp 300w, https:\/\/raco19.com\/wp-content\/uploads\/2024\/02\/Contacte-header-1024x508.webp 1024w, https:\/\/raco19.com\/wp-content\/uploads\/2024\/02\/Contacte-header-768x381.webp 768w, https:\/\/raco19.com\/wp-content\/uploads\/2024\/02\/Contacte-header-1536x762.webp 1536w\" sizes=\"(max-width: 1900px) 100vw, 1900px\" data-has-transparency=\"false\" data-dominant-color=\"5d5344\" style=\"--dominant-color: #5d5344\" \/>\t\t\t\t\t\t\t\t\t\t\t\t\t<\/div>\n\t\t\t\t<\/div>\n\t\t\t\t<\/div>\n\t\t<div class=\"elementor-element elementor-element-9ced838 e-con-full e-flex e-con e-parent\" data-id=\"9ced838\" data-element_type=\"container\" data-settings=\"{&quot;background_background&quot;:&quot;classic&quot;}\" data-core-v316-plus=\"true\">\n\t\t<div class=\"elementor-element elementor-element-2dd2bc8 e-con-full e-flex e-con e-child\" data-id=\"2dd2bc8\" data-element_type=\"container\">\n\t\t<div class=\"elementor-element elementor-element-0b3d63f e-con-full e-flex e-con e-child\" data-id=\"0b3d63f\" data-element_type=\"container\">\n\t\t\t\t<div class=\"elementor-element elementor-element-b95d28b elementor-widget elementor-widget-html\" data-id=\"b95d28b\" data-element_type=\"widget\" data-widget_type=\"html.default\">\n\t\t\t\t<div class=\"elementor-widget-container\">\n\t\t\t<script type=\"text\/javascript\"\r\n                                                                                        src=\"https:\/\/www.covermanager.com\/js\/iframeResizer.min.js\"><\/script><iframe\r\n                                                            id=\"restaurante-raco-19\" title=\"Reservas\"\r\n                                                            src=\"https:\/\/www.covermanager.com\/reservation\/module_restaurant\/restaurante-raco-19\/spanish\"\r\n                                                            allow=\"payment\" frameborder=\"0\" height=\"550\" width=\"100%\" onload=\"iFrameResize();\"><\/iframe>\r\n\t\t<\/div>\n\t\t\t\t<\/div>\n\t\t\t\t<\/div>\n\t\t\t\t<\/div>\n\t\t\t\t<\/div>\n\t\t<div class=\"elementor-element elementor-element-16b9c01 e-con-full e-flex e-con e-parent\" data-id=\"16b9c01\" data-element_type=\"container\" data-settings=\"{&quot;background_background&quot;:&quot;classic&quot;}\" data-core-v316-plus=\"true\">\n\t\t\t\t<\/div>\n\t\t<div class=\"elementor-element elementor-element-b952eb0 e-flex e-con-boxed e-con e-parent\" data-id=\"b952eb0\" data-element_type=\"container\" data-core-v316-plus=\"true\">\n\t\t\t\t\t<div class=\"e-con-inner\">\n\t\t\t\t<div class=\"elementor-element elementor-element-f78d71c elementor-widget elementor-widget-spacer\" data-id=\"f78d71c\" data-element_type=\"widget\" data-widget_type=\"spacer.default\">\n\t\t\t\t<div class=\"elementor-widget-container\">\n\t\t\t<style>\/*! elementor - v3.20.0 - 26-03-2024 *\/\n.elementor-column .elementor-spacer-inner{height:var(--spacer-size)}.e-con{--container-widget-width:100%}.e-con-inner>.elementor-widget-spacer,.e-con>.elementor-widget-spacer{width:var(--container-widget-width,var(--spacer-size));--align-self:var(--container-widget-align-self,initial);--flex-shrink:0}.e-con-inner>.elementor-widget-spacer>.elementor-widget-container,.e-con>.elementor-widget-spacer>.elementor-widget-container{height:100%;width:100%}.e-con-inner>.elementor-widget-spacer>.elementor-widget-container>.elementor-spacer,.e-con>.elementor-widget-spacer>.elementor-widget-container>.elementor-spacer{height:100%}.e-con-inner>.elementor-widget-spacer>.elementor-widget-container>.elementor-spacer>.elementor-spacer-inner,.e-con>.elementor-widget-spacer>.elementor-widget-container>.elementor-spacer>.elementor-spacer-inner{height:var(--container-widget-height,var(--spacer-size))}.e-con-inner>.elementor-widget-spacer.elementor-widget-empty,.e-con>.elementor-widget-spacer.elementor-widget-empty{position:relative;min-height:22px;min-width:22px}.e-con-inner>.elementor-widget-spacer.elementor-widget-empty .elementor-widget-empty-icon,.e-con>.elementor-widget-spacer.elementor-widget-empty .elementor-widget-empty-icon{position:absolute;top:0;bottom:0;left:0;right:0;margin:auto;padding:0;width:22px;height:22px}<\/style>\t\t<div class=\"elementor-spacer\">\n\t\t\t<div class=\"elementor-spacer-inner\"><\/div>\n\t\t<\/div>\n\t\t\t\t<\/div>\n\t\t\t\t<\/div>\n\t\t\t\t\t<\/div>\n\t\t\t\t<\/div>\n\t\t\t\t<\/div>\n\t\t","protected":false},"excerpt":{"rendered":"","protected":false},"author":1,"featured_media":0,"parent":0,"menu_order":0,"comment_status":"closed","ping_status":"closed","template":"","meta":{"footnotes":""},"yoast_head":"<!-- This site is optimized with the Yoast SEO plugin v22.3 - https:\/\/yoast.com\/wordpress\/plugins\/seo\/ -->\n<title>Reservas - Rac\u00f3 19 - Restaurante Sant Vicen\u00e7 de Montalt<\/title>\n<meta name=\"description\" content=\"Ven a vernos al Club de Golf Sant Vicen\u00e7 de Montalt, o ponte en contacto con nosotros a trav\u00e9s del formulario o nuestro tel\u00e9fono.\" \/>\n<meta name=\"robots\" content=\"index, follow, max-snippet:-1, max-image-preview:large, max-video-preview:-1\" \/>\n<link rel=\"canonical\" href=\"https:\/\/raco19.com\/es\/reservas\/\" \/>\n<meta property=\"og:locale\" content=\"es_ES\" \/>\n<meta property=\"og:type\" content=\"article\" \/>\n<meta property=\"og:title\" content=\"Reservas - Rac\u00f3 19 - Restaurante Sant Vicen\u00e7 de Montalt\" \/>\n<meta property=\"og:description\" content=\"Ven a vernos al Club de Golf Sant Vicen\u00e7 de Montalt, o ponte en contacto con nosotros a trav\u00e9s del formulario o nuestro tel\u00e9fono.\" \/>\n<meta property=\"og:url\" content=\"https:\/\/raco19.com\/es\/reservas\/\" \/>\n<meta property=\"og:site_name\" content=\"Rac\u00f3 19 - Restaurante Sant Vicen\u00e7 de Montalt\" \/>\n<meta property=\"article:publisher\" content=\"https:\/\/www.facebook.com\/grupraco19\/\" \/>\n<meta property=\"article:modified_time\" content=\"2025-04-15T12:39:59+00:00\" \/>\n<meta property=\"og:image\" content=\"https:\/\/raco19.com\/wp-content\/uploads\/2024\/02\/Contacte-header-jpg.webp\" \/>\n<meta name=\"twitter:card\" content=\"summary_large_image\" \/>\n<meta name=\"twitter:label1\" content=\"Tiempo de lectura\" \/>\n\t<meta name=\"twitter:data1\" content=\"1 minuto\" \/>\n<script type=\"application\/ld+json\" class=\"yoast-schema-graph\">{\"@context\":\"https:\/\/schema.org\",\"@graph\":[{\"@type\":\"WebPage\",\"@id\":\"https:\/\/raco19.com\/es\/reservas\/\",\"url\":\"https:\/\/raco19.com\/es\/reservas\/\",\"name\":\"Reservas - Rac\u00f3 19 - Restaurante Sant Vicen\u00e7 de Montalt\",\"isPartOf\":{\"@id\":\"https:\/\/raco19.com\/es\/#website\"},\"primaryImageOfPage\":{\"@id\":\"https:\/\/raco19.com\/es\/reservas\/#primaryimage\"},\"image\":{\"@id\":\"https:\/\/raco19.com\/es\/reservas\/#primaryimage\"},\"thumbnailUrl\":\"https:\/\/raco19.com\/wp-content\/uploads\/2024\/02\/Contacte-header-jpg.webp\",\"datePublished\":\"2025-04-15T12:35:41+00:00\",\"dateModified\":\"2025-04-15T12:39:59+00:00\",\"description\":\"Ven a vernos al Club de Golf Sant Vicen\u00e7 de Montalt, o ponte en contacto con nosotros a trav\u00e9s del formulario o nuestro tel\u00e9fono.\",\"breadcrumb\":{\"@id\":\"https:\/\/raco19.com\/es\/reservas\/#breadcrumb\"},\"inLanguage\":\"es\",\"potentialAction\":[{\"@type\":\"ReadAction\",\"target\":[\"https:\/\/raco19.com\/es\/reservas\/\"]}]},{\"@type\":\"ImageObject\",\"inLanguage\":\"es\",\"@id\":\"https:\/\/raco19.com\/es\/reservas\/#primaryimage\",\"url\":\"https:\/\/raco19.com\/wp-content\/uploads\/2024\/02\/Contacte-header-jpg.webp\",\"contentUrl\":\"https:\/\/raco19.com\/wp-content\/uploads\/2024\/02\/Contacte-header-jpg.webp\",\"width\":1900,\"height\":942},{\"@type\":\"BreadcrumbList\",\"@id\":\"https:\/\/raco19.com\/es\/reservas\/#breadcrumb\",\"itemListElement\":[{\"@type\":\"ListItem\",\"position\":1,\"name\":\"Portada\",\"item\":\"https:\/\/raco19.com\/es\/inicio\/\"},{\"@type\":\"ListItem\",\"position\":2,\"name\":\"Reservas\"}]},{\"@type\":\"WebSite\",\"@id\":\"https:\/\/raco19.com\/es\/#website\",\"url\":\"https:\/\/raco19.com\/es\/\",\"name\":\"Rac\u00f3 19 - Restaurant Sant Vicen\u00e7 de Montalt\",\"description\":\"\",\"publisher\":{\"@id\":\"https:\/\/raco19.com\/es\/#organization\"},\"alternateName\":\"Rac\u00f3 19 - Restaurant Sant Vicen\u00e7 de Montalt\",\"potentialAction\":[{\"@type\":\"SearchAction\",\"target\":{\"@type\":\"EntryPoint\",\"urlTemplate\":\"https:\/\/raco19.com\/es\/?s={search_term_string}\"},\"query-input\":\"required name=search_term_string\"}],\"inLanguage\":\"es\"},{\"@type\":\"Organization\",\"@id\":\"https:\/\/raco19.com\/es\/#organization\",\"name\":\"Rac\u00f3 19 - Restaurante Sant Vicen\u00e7 de Montalt\",\"alternateName\":\"Rac\u00f3 19 - Restaurant Sant Vicen\u00e7 de Montalt\",\"url\":\"https:\/\/raco19.com\/es\/\",\"logo\":{\"@type\":\"ImageObject\",\"inLanguage\":\"es\",\"@id\":\"https:\/\/raco19.com\/es\/#\/schema\/logo\/image\/\",\"url\":\"https:\/\/raco19.com\/wp-content\/uploads\/2024\/02\/logo-real-1.png\",\"contentUrl\":\"https:\/\/raco19.com\/wp-content\/uploads\/2024\/02\/logo-real-1.png\",\"width\":486,\"height\":153,\"caption\":\"Rac\u00f3 19 - Restaurante Sant Vicen\u00e7 de Montalt\"},\"image\":{\"@id\":\"https:\/\/raco19.com\/es\/#\/schema\/logo\/image\/\"},\"sameAs\":[\"https:\/\/www.facebook.com\/grupraco19\/\",\"https:\/\/www.bodas.net\/masias\/raco-19--e111552\",\"https:\/\/www.instagram.com\/raco.19\/\"]}]}<\/script>\n<!-- \/ Yoast SEO plugin. -->","yoast_head_json":{"title":"Reservas - Rac\u00f3 19 - Restaurante Sant Vicen\u00e7 de Montalt","description":"Ven a vernos al Club de Golf Sant Vicen\u00e7 de Montalt, o ponte en contacto con nosotros a trav\u00e9s del formulario o nuestro tel\u00e9fono.","robots":{"index":"index","follow":"follow","max-snippet":"max-snippet:-1","max-image-preview":"max-image-preview:large","max-video-preview":"max-video-preview:-1"},"canonical":"https:\/\/raco19.com\/es\/reservas\/","og_locale":"es_ES","og_type":"article","og_title":"Reservas - Rac\u00f3 19 - Restaurante Sant Vicen\u00e7 de Montalt","og_description":"Ven a vernos al Club de Golf Sant Vicen\u00e7 de Montalt, o ponte en contacto con nosotros a trav\u00e9s del formulario o nuestro tel\u00e9fono.","og_url":"https:\/\/raco19.com\/es\/reservas\/","og_site_name":"Rac\u00f3 19 - Restaurante Sant Vicen\u00e7 de Montalt","article_publisher":"https:\/\/www.facebook.com\/grupraco19\/","article_modified_time":"2025-04-15T12:39:59+00:00","og_image":[{"url":"https:\/\/raco19.com\/wp-content\/uploads\/2024\/02\/Contacte-header-jpg.webp"}],"twitter_card":"summary_large_image","twitter_misc":{"Tiempo de lectura":"1 minuto"},"schema":{"@context":"https:\/\/schema.org","@graph":[{"@type":"WebPage","@id":"https:\/\/raco19.com\/es\/reservas\/","url":"https:\/\/raco19.com\/es\/reservas\/","name":"Reservas - Rac\u00f3 19 - Restaurante Sant Vicen\u00e7 de Montalt","isPartOf":{"@id":"https:\/\/raco19.com\/es\/#website"},"primaryImageOfPage":{"@id":"https:\/\/raco19.com\/es\/reservas\/#primaryimage"},"image":{"@id":"https:\/\/raco19.com\/es\/reservas\/#primaryimage"},"thumbnailUrl":"https:\/\/raco19.com\/wp-content\/uploads\/2024\/02\/Contacte-header-jpg.webp","datePublished":"2025-04-15T12:35:41+00:00","dateModified":"2025-04-15T12:39:59+00:00","description":"Ven a vernos al Club de Golf Sant Vicen\u00e7 de Montalt, o ponte en contacto con nosotros a trav\u00e9s del formulario o nuestro tel\u00e9fono.","breadcrumb":{"@id":"https:\/\/raco19.com\/es\/reservas\/#breadcrumb"},"inLanguage":"es","potentialAction":[{"@type":"ReadAction","target":["https:\/\/raco19.com\/es\/reservas\/"]}]},{"@type":"ImageObject","inLanguage":"es","@id":"https:\/\/raco19.com\/es\/reservas\/#primaryimage","url":"https:\/\/raco19.com\/wp-content\/uploads\/2024\/02\/Contacte-header-jpg.webp","contentUrl":"https:\/\/raco19.com\/wp-content\/uploads\/2024\/02\/Contacte-header-jpg.webp","width":1900,"height":942},{"@type":"BreadcrumbList","@id":"https:\/\/raco19.com\/es\/reservas\/#breadcrumb","itemListElement":[{"@type":"ListItem","position":1,"name":"Portada","item":"https:\/\/raco19.com\/es\/inicio\/"},{"@type":"ListItem","position":2,"name":"Reservas"}]},{"@type":"WebSite","@id":"https:\/\/raco19.com\/es\/#website","url":"https:\/\/raco19.com\/es\/","name":"Rac\u00f3 19 - Restaurant Sant Vicen\u00e7 de Montalt","description":"","publisher":{"@id":"https:\/\/raco19.com\/es\/#organization"},"alternateName":"Rac\u00f3 19 - Restaurant Sant Vicen\u00e7 de Montalt","potentialAction":[{"@type":"SearchAction","target":{"@type":"EntryPoint","urlTemplate":"https:\/\/raco19.com\/es\/?s={search_term_string}"},"query-input":"required name=search_term_string"}],"inLanguage":"es"},{"@type":"Organization","@id":"https:\/\/raco19.com\/es\/#organization","name":"Rac\u00f3 19 - Restaurante Sant Vicen\u00e7 de Montalt","alternateName":"Rac\u00f3 19 - Restaurant Sant Vicen\u00e7 de Montalt","url":"https:\/\/raco19.com\/es\/","logo":{"@type":"ImageObject","inLanguage":"es","@id":"https:\/\/raco19.com\/es\/#\/schema\/logo\/image\/","url":"https:\/\/raco19.com\/wp-content\/uploads\/2024\/02\/logo-real-1.png","contentUrl":"https:\/\/raco19.com\/wp-content\/uploads\/2024\/02\/logo-real-1.png","width":486,"height":153,"caption":"Rac\u00f3 19 - Restaurante Sant Vicen\u00e7 de Montalt"},"image":{"@id":"https:\/\/raco19.com\/es\/#\/schema\/logo\/image\/"},"sameAs":["https:\/\/www.facebook.com\/grupraco19\/","https:\/\/www.bodas.net\/masias\/raco-19--e111552","https:\/\/www.instagram.com\/raco.19\/"]}]}},"_links":{"self":[{"href":"https:\/\/raco19.com\/es\/wp-json\/wp\/v2\/pages\/1404"}],"collection":[{"href":"https:\/\/raco19.com\/es\/wp-json\/wp\/v2\/pages"}],"about":[{"href":"https:\/\/raco19.com\/es\/wp-json\/wp\/v2\/types\/page"}],"author":[{"embeddable":true,"href":"https:\/\/raco19.com\/es\/wp-json\/wp\/v2\/users\/1"}],"replies":[{"embeddable":true,"href":"https:\/\/raco19.com\/es\/wp-json\/wp\/v2\/comments?post=1404"}],"version-history":[{"count":6,"href":"https:\/\/raco19.com\/es\/wp-json\/wp\/v2\/pages\/1404\/revisions"}],"predecessor-version":[{"id":1414,"href":"https:\/\/raco19.com\/es\/wp-json\/wp\/v2\/pages\/1404\/revisions\/1414"}],"wp:attachment":[{"href":"https:\/\/raco19.com\/es\/wp-json\/wp\/v2\/media?parent=1404"}],"curies":[{"name":"wp","href":"https:\/\/api.w.org\/{rel}","templated":true}]}}